{"id":1955,"date":"2018-12-10T11:30:47","date_gmt":"2018-12-10T16:30:47","guid":{"rendered":"https:\/\/www.ebrequipment.com\/equipements\/equipement-de-fromagerie-et-laiterie\/"},"modified":"2019-03-15T10:48:05","modified_gmt":"2019-03-15T14:48:05","slug":"equipment-dairy-and-cheese-industry","status":"publish","type":"page","link":"https:\/\/www.ebrequipment.com\/en\/equipements\/equipment-dairy-and-cheese-industry\/","title":{"rendered":"Equipment \/ dairy and cheese industry"},"content":{"rendered":"","protected":false},"excerpt":{"rendered":"","protected":false},"author":2,"featured_media":0,"parent":1953,"menu_order":0,"comment_status":"closed","ping_status":"closed","template":"","meta":[],"acf":[],"yoast_head":"<!-- This site is optimized with the Yoast SEO plugin v20.4 - https:\/\/yoast.com\/wordpress\/plugins\/seo\/ -->\n<title>Equipment \/ dairy and cheese industry - EBR<\/title>\n<meta name=\"description\" content=\"Chef de file en \u00e9quipements de fromagerie et de laiterie, EBR con\u00e7oit, fabrique et installe des \u00e9quipements de l\u2019industrie laiti\u00e8re depuis plus de 40 ans.\" \/>\n<meta name=\"robots\" content=\"index, follow, max-snippet:-1, max-image-preview:large, max-video-preview:-1\" \/>\n<link rel=\"canonical\" href=\"https:\/\/www.ebrequipment.com\/en\/equipements\/equipment-dairy-and-cheese-industry\/\" \/>\n<meta property=\"og:locale\" content=\"en_US\" \/>\n<meta property=\"og:type\" content=\"article\" \/>\n<meta property=\"og:title\" content=\"Equipment \/ dairy and cheese industry - EBR\" \/>\n<meta property=\"og:description\" content=\"Chef de file en \u00e9quipements de fromagerie et de laiterie, EBR con\u00e7oit, fabrique et installe des \u00e9quipements de l\u2019industrie laiti\u00e8re depuis plus de 40 ans.\" \/>\n<meta property=\"og:url\" content=\"https:\/\/www.ebrequipment.com\/en\/equipements\/equipment-dairy-and-cheese-industry\/\" \/>\n<meta property=\"og:site_name\" content=\"EBR\" \/>\n<meta property=\"article:modified_time\" content=\"2019-03-15T14:48:05+00:00\" \/>\n<meta name=\"twitter:card\" content=\"summary_large_image\" \/>\n<script type=\"application\/ld+json\" class=\"yoast-schema-graph\">{\"@context\":\"https:\/\/schema.org\",\"@graph\":[{\"@type\":\"WebPage\",\"@id\":\"https:\/\/www.ebrequipment.com\/en\/equipements\/equipment-dairy-and-cheese-industry\/\",\"url\":\"https:\/\/www.ebrequipment.com\/en\/equipements\/equipment-dairy-and-cheese-industry\/\",\"name\":\"Equipment \/ dairy and cheese industry - EBR\",\"isPartOf\":{\"@id\":\"https:\/\/www.ebrequipment.com\/en\/#website\"},\"datePublished\":\"2018-12-10T16:30:47+00:00\",\"dateModified\":\"2019-03-15T14:48:05+00:00\",\"description\":\"Chef de file en \u00e9quipements de fromagerie et de laiterie, EBR con\u00e7oit, fabrique et installe des \u00e9quipements de l\u2019industrie laiti\u00e8re depuis plus de 40 ans.\",\"breadcrumb\":{\"@id\":\"https:\/\/www.ebrequipment.com\/en\/equipements\/equipment-dairy-and-cheese-industry\/#breadcrumb\"},\"inLanguage\":\"en-US\",\"potentialAction\":[{\"@type\":\"ReadAction\",\"target\":[\"https:\/\/www.ebrequipment.com\/en\/equipements\/equipment-dairy-and-cheese-industry\/\"]}]},{\"@type\":\"BreadcrumbList\",\"@id\":\"https:\/\/www.ebrequipment.com\/en\/equipements\/equipment-dairy-and-cheese-industry\/#breadcrumb\",\"itemListElement\":[{\"@type\":\"ListItem\",\"position\":1,\"name\":\"Accueil\",\"item\":\"https:\/\/www.ebrequipment.com\/en\/\"},{\"@type\":\"ListItem\",\"position\":2,\"name\":\"Equipments\",\"item\":\"https:\/\/www.ebrequipment.com\/en\/equipements\/\"},{\"@type\":\"ListItem\",\"position\":3,\"name\":\"Equipment \/ dairy and cheese industry\"}]},{\"@type\":\"WebSite\",\"@id\":\"https:\/\/www.ebrequipment.com\/en\/#website\",\"url\":\"https:\/\/www.ebrequipment.com\/en\/\",\"name\":\"EBR\",\"description\":\"\",\"potentialAction\":[{\"@type\":\"SearchAction\",\"target\":{\"@type\":\"EntryPoint\",\"urlTemplate\":\"https:\/\/www.ebrequipment.com\/en\/?s={search_term_string}\"},\"query-input\":\"required name=search_term_string\"}],\"inLanguage\":\"en-US\"}]}<\/script>\n<!-- \/ Yoast SEO plugin. -->","yoast_head_json":{"title":"Equipment \/ dairy and cheese industry - EBR","description":"Chef de file en \u00e9quipements de fromagerie et de laiterie, EBR con\u00e7oit, fabrique et installe des \u00e9quipements de l\u2019industrie laiti\u00e8re depuis plus de 40 ans.","robots":{"index":"index","follow":"follow","max-snippet":"max-snippet:-1","max-image-preview":"max-image-preview:large","max-video-preview":"max-video-preview:-1"},"canonical":"https:\/\/www.ebrequipment.com\/en\/equipements\/equipment-dairy-and-cheese-industry\/","og_locale":"en_US","og_type":"article","og_title":"Equipment \/ dairy and cheese industry - EBR","og_description":"Chef de file en \u00e9quipements de fromagerie et de laiterie, EBR con\u00e7oit, fabrique et installe des \u00e9quipements de l\u2019industrie laiti\u00e8re depuis plus de 40 ans.","og_url":"https:\/\/www.ebrequipment.com\/en\/equipements\/equipment-dairy-and-cheese-industry\/","og_site_name":"EBR","article_modified_time":"2019-03-15T14:48:05+00:00","twitter_card":"summary_large_image","schema":{"@context":"https:\/\/schema.org","@graph":[{"@type":"WebPage","@id":"https:\/\/www.ebrequipment.com\/en\/equipements\/equipment-dairy-and-cheese-industry\/","url":"https:\/\/www.ebrequipment.com\/en\/equipements\/equipment-dairy-and-cheese-industry\/","name":"Equipment \/ dairy and cheese industry - EBR","isPartOf":{"@id":"https:\/\/www.ebrequipment.com\/en\/#website"},"datePublished":"2018-12-10T16:30:47+00:00","dateModified":"2019-03-15T14:48:05+00:00","description":"Chef de file en \u00e9quipements de fromagerie et de laiterie, EBR con\u00e7oit, fabrique et installe des \u00e9quipements de l\u2019industrie laiti\u00e8re depuis plus de 40 ans.","breadcrumb":{"@id":"https:\/\/www.ebrequipment.com\/en\/equipements\/equipment-dairy-and-cheese-industry\/#breadcrumb"},"inLanguage":"en-US","potentialAction":[{"@type":"ReadAction","target":["https:\/\/www.ebrequipment.com\/en\/equipements\/equipment-dairy-and-cheese-industry\/"]}]},{"@type":"BreadcrumbList","@id":"https:\/\/www.ebrequipment.com\/en\/equipements\/equipment-dairy-and-cheese-industry\/#breadcrumb","itemListElement":[{"@type":"ListItem","position":1,"name":"Accueil","item":"https:\/\/www.ebrequipment.com\/en\/"},{"@type":"ListItem","position":2,"name":"Equipments","item":"https:\/\/www.ebrequipment.com\/en\/equipements\/"},{"@type":"ListItem","position":3,"name":"Equipment \/ dairy and cheese industry"}]},{"@type":"WebSite","@id":"https:\/\/www.ebrequipment.com\/en\/#website","url":"https:\/\/www.ebrequipment.com\/en\/","name":"EBR","description":"","potentialAction":[{"@type":"SearchAction","target":{"@type":"EntryPoint","urlTemplate":"https:\/\/www.ebrequipment.com\/en\/?s={search_term_string}"},"query-input":"required name=search_term_string"}],"inLanguage":"en-US"}]}},"_links":{"self":[{"href":"https:\/\/www.ebrequipment.com\/en\/wp-json\/wp\/v2\/pages\/1955"}],"collection":[{"href":"https:\/\/www.ebrequipment.com\/en\/wp-json\/wp\/v2\/pages"}],"about":[{"href":"https:\/\/www.ebrequipment.com\/en\/wp-json\/wp\/v2\/types\/page"}],"author":[{"embeddable":true,"href":"https:\/\/www.ebrequipment.com\/en\/wp-json\/wp\/v2\/users\/2"}],"replies":[{"embeddable":true,"href":"https:\/\/www.ebrequipment.com\/en\/wp-json\/wp\/v2\/comments?post=1955"}],"version-history":[{"count":2,"href":"https:\/\/www.ebrequipment.com\/en\/wp-json\/wp\/v2\/pages\/1955\/revisions"}],"predecessor-version":[{"id":1957,"href":"https:\/\/www.ebrequipment.com\/en\/wp-json\/wp\/v2\/pages\/1955\/revisions\/1957"}],"up":[{"embeddable":true,"href":"https:\/\/www.ebrequipment.com\/en\/wp-json\/wp\/v2\/pages\/1953"}],"wp:attachment":[{"href":"https:\/\/www.ebrequipment.com\/en\/wp-json\/wp\/v2\/media?parent=1955"}],"curies":[{"name":"wp","href":"https:\/\/api.w.org\/{rel}","templated":true}]}}