{"id":3554,"date":"2022-07-26T13:16:11","date_gmt":"2022-07-26T17:16:11","guid":{"rendered":"https:\/\/www.ebrequipment.com\/produit\/4769-1665-seal-joint-etancheite-inner-silicone-carbide-u2-180-224-p-n-101665\/"},"modified":"2022-07-26T13:16:58","modified_gmt":"2022-07-26T17:16:58","slug":"4769-1665-seal-joint-etancheite-inner-silicone-carbide-u2-180-224-p-n-101665","status":"publish","type":"product","link":"https:\/\/www.ebrequipment.com\/en\/produit\/4769-1665-seal-joint-etancheite-inner-silicone-carbide-u2-180-224-p-n-101665\/","title":{"rendered":"4769-1665 Seal Inner Silicone\/Carbide U2 180\/224 p\/n: 101665+"},"content":{"rendered":"","protected":false},"excerpt":{"rendered":"<p>4769-1665 Seal (joint \u00e9tanch\u00e9it\u00e9) Inner Silicone\/Carbide U2 180\/224 p\/n: 101665+<\/p>\n","protected":false},"featured_media":3549,"comment_status":"closed","ping_status":"closed","template":"","meta":[],"product_cat":[40],"product_tag":[],"acf":[],"yoast_head":"<!-- This site is optimized with the Yoast SEO plugin v20.4 - https:\/\/yoast.com\/wordpress\/plugins\/seo\/ -->\n<title>4769-1665 Seal Inner Silicone\/Carbide U2 180\/224 p\/n: 101665+ - EBR<\/title>\n<meta name=\"robots\" content=\"index, follow, max-snippet:-1, max-image-preview:large, max-video-preview:-1\" \/>\n<link rel=\"canonical\" href=\"https:\/\/www.ebrequipment.com\/en\/produit\/4769-1665-seal-joint-etancheite-inner-silicone-carbide-u2-180-224-p-n-101665\/\" \/>\n<meta property=\"og:locale\" content=\"en_US\" \/>\n<meta property=\"og:type\" content=\"article\" \/>\n<meta property=\"og:title\" content=\"4769-1665 Seal Inner Silicone\/Carbide U2 180\/224 p\/n: 101665+ - EBR\" \/>\n<meta property=\"og:description\" content=\"4769-1665 Seal (joint \u00e9tanch\u00e9it\u00e9) Inner Silicone\/Carbide U2 180\/224 p\/n: 101665+\" \/>\n<meta property=\"og:url\" content=\"https:\/\/www.ebrequipment.com\/en\/produit\/4769-1665-seal-joint-etancheite-inner-silicone-carbide-u2-180-224-p-n-101665\/\" \/>\n<meta property=\"og:site_name\" content=\"EBR\" \/>\n<meta property=\"article:modified_time\" content=\"2022-07-26T17:16:58+00:00\" \/>\n<meta property=\"og:image\" content=\"https:\/\/www.ebrequipment.com\/wp-content\/uploads\/IMG_8566.jpeg\" \/>\n\t<meta property=\"og:image:width\" content=\"1536\" \/>\n\t<meta property=\"og:image:height\" content=\"2048\" \/>\n\t<meta property=\"og:image:type\" content=\"image\/jpeg\" \/>\n<meta name=\"twitter:card\" content=\"summary_large_image\" \/>\n<script type=\"application\/ld+json\" class=\"yoast-schema-graph\">{\"@context\":\"https:\/\/schema.org\",\"@graph\":[{\"@type\":\"WebPage\",\"@id\":\"https:\/\/www.ebrequipment.com\/en\/produit\/4769-1665-seal-joint-etancheite-inner-silicone-carbide-u2-180-224-p-n-101665\/\",\"url\":\"https:\/\/www.ebrequipment.com\/en\/produit\/4769-1665-seal-joint-etancheite-inner-silicone-carbide-u2-180-224-p-n-101665\/\",\"name\":\"4769-1665 Seal Inner Silicone\/Carbide U2 180\/224 p\/n: 101665+ - EBR\",\"isPartOf\":{\"@id\":\"https:\/\/www.ebrequipment.com\/en\/#website\"},\"datePublished\":\"2022-07-26T17:16:11+00:00\",\"dateModified\":\"2022-07-26T17:16:58+00:00\",\"breadcrumb\":{\"@id\":\"https:\/\/www.ebrequipment.com\/en\/produit\/4769-1665-seal-joint-etancheite-inner-silicone-carbide-u2-180-224-p-n-101665\/#breadcrumb\"},\"inLanguage\":\"en-US\",\"potentialAction\":[{\"@type\":\"ReadAction\",\"target\":[\"https:\/\/www.ebrequipment.com\/en\/produit\/4769-1665-seal-joint-etancheite-inner-silicone-carbide-u2-180-224-p-n-101665\/\"]}]},{\"@type\":\"BreadcrumbList\",\"@id\":\"https:\/\/www.ebrequipment.com\/en\/produit\/4769-1665-seal-joint-etancheite-inner-silicone-carbide-u2-180-224-p-n-101665\/#breadcrumb\",\"itemListElement\":[{\"@type\":\"ListItem\",\"position\":1,\"name\":\"Accueil\",\"item\":\"https:\/\/www.ebrequipment.com\/en\/\"},{\"@type\":\"ListItem\",\"position\":2,\"name\":\"Shop\",\"item\":\"https:\/\/www.ebrequipment.com\/en\/shop\/\"},{\"@type\":\"ListItem\",\"position\":3,\"name\":\"4769-1665 Seal Inner Silicone\/Carbide U2 180\/224 p\/n: 101665+\"}]},{\"@type\":\"WebSite\",\"@id\":\"https:\/\/www.ebrequipment.com\/en\/#website\",\"url\":\"https:\/\/www.ebrequipment.com\/en\/\",\"name\":\"EBR\",\"description\":\"\",\"potentialAction\":[{\"@type\":\"SearchAction\",\"target\":{\"@type\":\"EntryPoint\",\"urlTemplate\":\"https:\/\/www.ebrequipment.com\/en\/?s={search_term_string}\"},\"query-input\":\"required name=search_term_string\"}],\"inLanguage\":\"en-US\"}]}<\/script>\n<!-- \/ Yoast SEO plugin. -->","yoast_head_json":{"title":"4769-1665 Seal Inner Silicone\/Carbide U2 180\/224 p\/n: 101665+ - EBR","robots":{"index":"index","follow":"follow","max-snippet":"max-snippet:-1","max-image-preview":"max-image-preview:large","max-video-preview":"max-video-preview:-1"},"canonical":"https:\/\/www.ebrequipment.com\/en\/produit\/4769-1665-seal-joint-etancheite-inner-silicone-carbide-u2-180-224-p-n-101665\/","og_locale":"en_US","og_type":"article","og_title":"4769-1665 Seal Inner Silicone\/Carbide U2 180\/224 p\/n: 101665+ - EBR","og_description":"4769-1665 Seal (joint \u00e9tanch\u00e9it\u00e9) Inner Silicone\/Carbide U2 180\/224 p\/n: 101665+","og_url":"https:\/\/www.ebrequipment.com\/en\/produit\/4769-1665-seal-joint-etancheite-inner-silicone-carbide-u2-180-224-p-n-101665\/","og_site_name":"EBR","article_modified_time":"2022-07-26T17:16:58+00:00","og_image":[{"width":1536,"height":2048,"url":"https:\/\/www.ebrequipment.com\/wp-content\/uploads\/IMG_8566.jpeg","type":"image\/jpeg"}],"twitter_card":"summary_large_image","schema":{"@context":"https:\/\/schema.org","@graph":[{"@type":"WebPage","@id":"https:\/\/www.ebrequipment.com\/en\/produit\/4769-1665-seal-joint-etancheite-inner-silicone-carbide-u2-180-224-p-n-101665\/","url":"https:\/\/www.ebrequipment.com\/en\/produit\/4769-1665-seal-joint-etancheite-inner-silicone-carbide-u2-180-224-p-n-101665\/","name":"4769-1665 Seal Inner Silicone\/Carbide U2 180\/224 p\/n: 101665+ - EBR","isPartOf":{"@id":"https:\/\/www.ebrequipment.com\/en\/#website"},"datePublished":"2022-07-26T17:16:11+00:00","dateModified":"2022-07-26T17:16:58+00:00","breadcrumb":{"@id":"https:\/\/www.ebrequipment.com\/en\/produit\/4769-1665-seal-joint-etancheite-inner-silicone-carbide-u2-180-224-p-n-101665\/#breadcrumb"},"inLanguage":"en-US","potentialAction":[{"@type":"ReadAction","target":["https:\/\/www.ebrequipment.com\/en\/produit\/4769-1665-seal-joint-etancheite-inner-silicone-carbide-u2-180-224-p-n-101665\/"]}]},{"@type":"BreadcrumbList","@id":"https:\/\/www.ebrequipment.com\/en\/produit\/4769-1665-seal-joint-etancheite-inner-silicone-carbide-u2-180-224-p-n-101665\/#breadcrumb","itemListElement":[{"@type":"ListItem","position":1,"name":"Accueil","item":"https:\/\/www.ebrequipment.com\/en\/"},{"@type":"ListItem","position":2,"name":"Shop","item":"https:\/\/www.ebrequipment.com\/en\/shop\/"},{"@type":"ListItem","position":3,"name":"4769-1665 Seal Inner Silicone\/Carbide U2 180\/224 p\/n: 101665+"}]},{"@type":"WebSite","@id":"https:\/\/www.ebrequipment.com\/en\/#website","url":"https:\/\/www.ebrequipment.com\/en\/","name":"EBR","description":"","potentialAction":[{"@type":"SearchAction","target":{"@type":"EntryPoint","urlTemplate":"https:\/\/www.ebrequipment.com\/en\/?s={search_term_string}"},"query-input":"required name=search_term_string"}],"inLanguage":"en-US"}]}},"_links":{"self":[{"href":"https:\/\/www.ebrequipment.com\/en\/wp-json\/wp\/v2\/product\/3554"}],"collection":[{"href":"https:\/\/www.ebrequipment.com\/en\/wp-json\/wp\/v2\/product"}],"about":[{"href":"https:\/\/www.ebrequipment.com\/en\/wp-json\/wp\/v2\/types\/product"}],"replies":[{"embeddable":true,"href":"https:\/\/www.ebrequipment.com\/en\/wp-json\/wp\/v2\/comments?post=3554"}],"wp:featuredmedia":[{"embeddable":true,"href":"https:\/\/www.ebrequipment.com\/en\/wp-json\/wp\/v2\/media\/3549"}],"wp:attachment":[{"href":"https:\/\/www.ebrequipment.com\/en\/wp-json\/wp\/v2\/media?parent=3554"}],"wp:term":[{"taxonomy":"product_cat","embeddable":true,"href":"https:\/\/www.ebrequipment.com\/en\/wp-json\/wp\/v2\/product_cat?post=3554"},{"taxonomy":"product_tag","embeddable":true,"href":"https:\/\/www.ebrequipment.com\/en\/wp-json\/wp\/v2\/product_tag?post=3554"}],"curies":[{"name":"wp","href":"https:\/\/api.w.org\/{rel}","templated":true}]}}