{"id":4171,"date":"2023-11-26T21:43:30","date_gmt":"2023-11-27T02:43:30","guid":{"rendered":"https:\/\/www.ebrequipment.com\/?post_type=product&#038;p=4171"},"modified":"2023-11-26T21:44:15","modified_gmt":"2023-11-27T02:44:15","slug":"sonde-rtd-capteur-de-temperature","status":"publish","type":"product","link":"https:\/\/www.ebrequipment.com\/en\/produit\/sonde-rtd-capteur-de-temperature\/","title":{"rendered":"Sonde RTD &#8211; Capteur de temp\u00e9rature"},"content":{"rendered":"<p>Sonde RTD &#8211; Capteur de temp\u00e9rature<\/p>\n","protected":false},"excerpt":{"rendered":"<p>\u00c0 pr\u00e9ciser :<\/p>\n<ul>\n<li>Longueur de la sonde<\/li>\n<li>Diam\u00e8tre de la connexion<\/li>\n<li>\u00c9tendue de temp\u00e9rature<\/li>\n<\/ul>\n","protected":false},"featured_media":4172,"comment_status":"open","ping_status":"closed","template":"","meta":[],"product_cat":[49],"product_tag":[],"acf":[],"yoast_head":"<!-- This site is optimized with the Yoast SEO plugin v20.4 - https:\/\/yoast.com\/wordpress\/plugins\/seo\/ -->\n<title>Sonde RTD - Capteur de temp\u00e9rature - EBR<\/title>\n<meta name=\"robots\" content=\"index, follow, max-snippet:-1, max-image-preview:large, max-video-preview:-1\" \/>\n<link rel=\"canonical\" href=\"https:\/\/www.ebrequipment.com\/produit\/sonde-rtd-capteur-de-temperature\/\" \/>\n<meta property=\"og:locale\" content=\"en_US\" \/>\n<meta property=\"og:type\" content=\"article\" \/>\n<meta property=\"og:title\" content=\"Sonde RTD - Capteur de temp\u00e9rature - EBR\" \/>\n<meta property=\"og:description\" content=\"\u00c0 pr\u00e9ciser :   Longueur de la sonde  Diam\u00e8tre de la connexion  \u00c9tendue de temp\u00e9rature\" \/>\n<meta property=\"og:url\" content=\"https:\/\/www.ebrequipment.com\/produit\/sonde-rtd-capteur-de-temperature\/\" \/>\n<meta property=\"og:site_name\" content=\"EBR\" \/>\n<meta property=\"article:modified_time\" content=\"2023-11-27T02:44:15+00:00\" \/>\n<meta property=\"og:image\" content=\"https:\/\/www.ebrequipment.com\/wp-content\/uploads\/sonde-rtd.png\" \/>\n\t<meta property=\"og:image:width\" content=\"2048\" \/>\n\t<meta property=\"og:image:height\" content=\"2048\" \/>\n\t<meta property=\"og:image:type\" content=\"image\/png\" \/>\n<meta name=\"twitter:card\" content=\"summary_large_image\" \/>\n<meta name=\"twitter:label1\" content=\"Est. reading time\" \/>\n\t<meta name=\"twitter:data1\" content=\"1 minute\" \/>\n<script type=\"application\/ld+json\" class=\"yoast-schema-graph\">{\"@context\":\"https:\/\/schema.org\",\"@graph\":[{\"@type\":\"WebPage\",\"@id\":\"https:\/\/www.ebrequipment.com\/produit\/sonde-rtd-capteur-de-temperature\/\",\"url\":\"https:\/\/www.ebrequipment.com\/produit\/sonde-rtd-capteur-de-temperature\/\",\"name\":\"Sonde RTD - Capteur de temp\u00e9rature - EBR\",\"isPartOf\":{\"@id\":\"https:\/\/www.ebrequipment.com\/en\/#website\"},\"datePublished\":\"2023-11-27T02:43:30+00:00\",\"dateModified\":\"2023-11-27T02:44:15+00:00\",\"breadcrumb\":{\"@id\":\"https:\/\/www.ebrequipment.com\/produit\/sonde-rtd-capteur-de-temperature\/#breadcrumb\"},\"inLanguage\":\"en-US\",\"potentialAction\":[{\"@type\":\"ReadAction\",\"target\":[\"https:\/\/www.ebrequipment.com\/produit\/sonde-rtd-capteur-de-temperature\/\"]}]},{\"@type\":\"BreadcrumbList\",\"@id\":\"https:\/\/www.ebrequipment.com\/produit\/sonde-rtd-capteur-de-temperature\/#breadcrumb\",\"itemListElement\":[{\"@type\":\"ListItem\",\"position\":1,\"name\":\"Accueil\",\"item\":\"https:\/\/www.ebrequipment.com\/en\/\"},{\"@type\":\"ListItem\",\"position\":2,\"name\":\"Shop\",\"item\":\"https:\/\/www.ebrequipment.com\/en\/shop\/\"},{\"@type\":\"ListItem\",\"position\":3,\"name\":\"Sonde RTD &#8211; Capteur de temp\u00e9rature\"}]},{\"@type\":\"WebSite\",\"@id\":\"https:\/\/www.ebrequipment.com\/en\/#website\",\"url\":\"https:\/\/www.ebrequipment.com\/en\/\",\"name\":\"EBR\",\"description\":\"\",\"potentialAction\":[{\"@type\":\"SearchAction\",\"target\":{\"@type\":\"EntryPoint\",\"urlTemplate\":\"https:\/\/www.ebrequipment.com\/en\/?s={search_term_string}\"},\"query-input\":\"required name=search_term_string\"}],\"inLanguage\":\"en-US\"}]}<\/script>\n<!-- \/ Yoast SEO plugin. -->","yoast_head_json":{"title":"Sonde RTD - Capteur de temp\u00e9rature - EBR","robots":{"index":"index","follow":"follow","max-snippet":"max-snippet:-1","max-image-preview":"max-image-preview:large","max-video-preview":"max-video-preview:-1"},"canonical":"https:\/\/www.ebrequipment.com\/produit\/sonde-rtd-capteur-de-temperature\/","og_locale":"en_US","og_type":"article","og_title":"Sonde RTD - Capteur de temp\u00e9rature - EBR","og_description":"\u00c0 pr\u00e9ciser :   Longueur de la sonde  Diam\u00e8tre de la connexion  \u00c9tendue de temp\u00e9rature","og_url":"https:\/\/www.ebrequipment.com\/produit\/sonde-rtd-capteur-de-temperature\/","og_site_name":"EBR","article_modified_time":"2023-11-27T02:44:15+00:00","og_image":[{"width":2048,"height":2048,"url":"https:\/\/www.ebrequipment.com\/wp-content\/uploads\/sonde-rtd.png","type":"image\/png"}],"twitter_card":"summary_large_image","twitter_misc":{"Est. reading time":"1 minute"},"schema":{"@context":"https:\/\/schema.org","@graph":[{"@type":"WebPage","@id":"https:\/\/www.ebrequipment.com\/produit\/sonde-rtd-capteur-de-temperature\/","url":"https:\/\/www.ebrequipment.com\/produit\/sonde-rtd-capteur-de-temperature\/","name":"Sonde RTD - Capteur de temp\u00e9rature - EBR","isPartOf":{"@id":"https:\/\/www.ebrequipment.com\/en\/#website"},"datePublished":"2023-11-27T02:43:30+00:00","dateModified":"2023-11-27T02:44:15+00:00","breadcrumb":{"@id":"https:\/\/www.ebrequipment.com\/produit\/sonde-rtd-capteur-de-temperature\/#breadcrumb"},"inLanguage":"en-US","potentialAction":[{"@type":"ReadAction","target":["https:\/\/www.ebrequipment.com\/produit\/sonde-rtd-capteur-de-temperature\/"]}]},{"@type":"BreadcrumbList","@id":"https:\/\/www.ebrequipment.com\/produit\/sonde-rtd-capteur-de-temperature\/#breadcrumb","itemListElement":[{"@type":"ListItem","position":1,"name":"Accueil","item":"https:\/\/www.ebrequipment.com\/en\/"},{"@type":"ListItem","position":2,"name":"Shop","item":"https:\/\/www.ebrequipment.com\/en\/shop\/"},{"@type":"ListItem","position":3,"name":"Sonde RTD &#8211; Capteur de temp\u00e9rature"}]},{"@type":"WebSite","@id":"https:\/\/www.ebrequipment.com\/en\/#website","url":"https:\/\/www.ebrequipment.com\/en\/","name":"EBR","description":"","potentialAction":[{"@type":"SearchAction","target":{"@type":"EntryPoint","urlTemplate":"https:\/\/www.ebrequipment.com\/en\/?s={search_term_string}"},"query-input":"required name=search_term_string"}],"inLanguage":"en-US"}]}},"_links":{"self":[{"href":"https:\/\/www.ebrequipment.com\/en\/wp-json\/wp\/v2\/product\/4171"}],"collection":[{"href":"https:\/\/www.ebrequipment.com\/en\/wp-json\/wp\/v2\/product"}],"about":[{"href":"https:\/\/www.ebrequipment.com\/en\/wp-json\/wp\/v2\/types\/product"}],"replies":[{"embeddable":true,"href":"https:\/\/www.ebrequipment.com\/en\/wp-json\/wp\/v2\/comments?post=4171"}],"wp:featuredmedia":[{"embeddable":true,"href":"https:\/\/www.ebrequipment.com\/en\/wp-json\/wp\/v2\/media\/4172"}],"wp:attachment":[{"href":"https:\/\/www.ebrequipment.com\/en\/wp-json\/wp\/v2\/media?parent=4171"}],"wp:term":[{"taxonomy":"product_cat","embeddable":true,"href":"https:\/\/www.ebrequipment.com\/en\/wp-json\/wp\/v2\/product_cat?post=4171"},{"taxonomy":"product_tag","embeddable":true,"href":"https:\/\/www.ebrequipment.com\/en\/wp-json\/wp\/v2\/product_tag?post=4171"}],"curies":[{"name":"wp","href":"https:\/\/api.w.org\/{rel}","templated":true}]}}